{"id":5,"date":"2020-05-04T07:23:09","date_gmt":"2020-05-04T07:23:09","guid":{"rendered":"http:\/\/malerei.tah-online.de\/?page_id=5"},"modified":"2026-03-12T15:04:33","modified_gmt":"2026-03-12T15:04:33","slug":"about","status":"publish","type":"page","link":"https:\/\/www.olafboehme.art\/?page_id=5","title":{"rendered":"about me"},"content":{"rendered":"\n<h4 class=\"wp-block-heading\">\u00dcber mich<\/h4>\n\n\n\n<figure class=\"wp-block-image size-large\"><img loading=\"lazy\" decoding=\"async\" width=\"1024\" height=\"916\" src=\"https:\/\/www.olafboehme.art\/wp-content\/uploads\/2024\/10\/20241020_104638-1024x916.jpg\" alt=\"\" class=\"wp-image-2596\" srcset=\"https:\/\/www.olafboehme.art\/wp-content\/uploads\/2024\/10\/20241020_104638-1024x916.jpg 1024w, https:\/\/www.olafboehme.art\/wp-content\/uploads\/2024\/10\/20241020_104638-300x269.jpg 300w, https:\/\/www.olafboehme.art\/wp-content\/uploads\/2024\/10\/20241020_104638-768x687.jpg 768w, https:\/\/www.olafboehme.art\/wp-content\/uploads\/2024\/10\/20241020_104638-1536x1375.jpg 1536w, https:\/\/www.olafboehme.art\/wp-content\/uploads\/2024\/10\/20241020_104638-2048x1833.jpg 2048w, https:\/\/www.olafboehme.art\/wp-content\/uploads\/2024\/10\/20241020_104638-1200x1074.jpg 1200w\" sizes=\"auto, (max-width: 709px) 85vw, (max-width: 909px) 67vw, (max-width: 1362px) 62vw, 840px\" \/><\/figure>\n\n\n\n<p><\/p>\n\n\n\n<pre class=\"wp-block-preformatted\">Ich habe als Autodidakt nie einen Zeichenkurs besucht und trotzdem seit meiner Kindheit alles, was mir unter die Finger kam, bemalt. Mitschriften in der Schule waren in der Regel immer verziert. <br>Zum 30. Geburtstag bekam ich eine Staffelei geschenkt und seitdem ist die \u00d6lmalerei Teil meines Lebens.<br>Nicht sklavischer Realismus ist das Ziel meiner Bilder. Gelungen sind bildnerische Werke, wenn sie den Charakter oder das Wesen des Sujets widerspiegeln. Interessant werden Bilder immer dann, wenn ein Bruch, ein Kristallisationspunkt vorhanden ist, welches den Betrachter innehalten l\u00e4\u00dft. Eine Idee im weitesten Sinne, die im Kopf etwas ausl\u00f6st.    <\/pre>\n\n\n\n<p><em>I never attended a drawing course as an autodidact and yet since my childhood I have painted everything that came to my mind. The transcripts at school were usually always decorated.<br>For my 30th birthday I got an easel as a present and since then oil painting is a part of my life.<\/em><\/p>\n\n\n\n<figure class=\"wp-block-image size-full\"><img loading=\"lazy\" decoding=\"async\" width=\"640\" height=\"640\" src=\"https:\/\/www.olafboehme.art\/wp-content\/uploads\/2025\/12\/IMG_3518.webp\" alt=\"\" class=\"wp-image-2948\" srcset=\"https:\/\/www.olafboehme.art\/wp-content\/uploads\/2025\/12\/IMG_3518.webp 640w, https:\/\/www.olafboehme.art\/wp-content\/uploads\/2025\/12\/IMG_3518-300x300.webp 300w, https:\/\/www.olafboehme.art\/wp-content\/uploads\/2025\/12\/IMG_3518-150x150.webp 150w\" sizes=\"auto, (max-width: 640px) 85vw, 640px\" \/><\/figure>\n\n\n\n<p><em>Slavish realism is not the aim of my pictures. Visual works are successful when they reflect the character or the essence of the subject. Pictures always become interesting when there is a break, a crystallisation point, which gives the viewer pause. An idea in the broadest sense that triggers something in the mind.<br><\/em><\/p>\n\n\n\n<figure class=\"wp-block-image size-large\"><img loading=\"lazy\" decoding=\"async\" width=\"1024\" height=\"633\" src=\"http:\/\/olafboehme.art\/wp-content\/uploads\/2023\/12\/farben-1024x633.jpg\" alt=\"\" class=\"wp-image-2269\" srcset=\"https:\/\/www.olafboehme.art\/wp-content\/uploads\/2023\/12\/farben-1024x633.jpg 1024w, https:\/\/www.olafboehme.art\/wp-content\/uploads\/2023\/12\/farben-300x185.jpg 300w, https:\/\/www.olafboehme.art\/wp-content\/uploads\/2023\/12\/farben-768x474.jpg 768w, https:\/\/www.olafboehme.art\/wp-content\/uploads\/2023\/12\/farben-1536x949.jpg 1536w, https:\/\/www.olafboehme.art\/wp-content\/uploads\/2023\/12\/farben-1200x741.jpg 1200w, https:\/\/www.olafboehme.art\/wp-content\/uploads\/2023\/12\/farben-250x154.jpg 250w, https:\/\/www.olafboehme.art\/wp-content\/uploads\/2023\/12\/farben-400x247.jpg 400w, https:\/\/www.olafboehme.art\/wp-content\/uploads\/2023\/12\/farben.jpg 2048w\" sizes=\"auto, (max-width: 709px) 85vw, (max-width: 909px) 67vw, (max-width: 1362px) 62vw, 840px\" \/><\/figure>\n\n\n\n<p><\/p>\n","protected":false},"excerpt":{"rendered":"<p>\u00dcber mich Ich habe als Autodidakt nie einen Zeichenkurs besucht und trotzdem seit meiner Kindheit alles, was mir unter die Finger kam, bemalt. Mitschriften in der Schule waren in der Regel immer verziert. Zum 30. Geburtstag bekam ich eine Staffelei geschenkt und seitdem ist die \u00d6lmalerei Teil meines Lebens.Nicht sklavischer Realismus ist das Ziel meiner &hellip; <a href=\"https:\/\/www.olafboehme.art\/?page_id=5\" class=\"more-link\"><span class=\"screen-reader-text\">\u201eabout me\u201c <\/span>weiterlesen<\/a><\/p>\n","protected":false},"author":1,"featured_media":0,"parent":0,"menu_order":0,"comment_status":"closed","ping_status":"closed","template":"","meta":{"footnotes":""},"class_list":["post-5","page","type-page","status-publish","hentry"],"_links":{"self":[{"href":"https:\/\/www.olafboehme.art\/index.php?rest_route=\/wp\/v2\/pages\/5","targetHints":{"allow":["GET"]}}],"collection":[{"href":"https:\/\/www.olafboehme.art\/index.php?rest_route=\/wp\/v2\/pages"}],"about":[{"href":"https:\/\/www.olafboehme.art\/index.php?rest_route=\/wp\/v2\/types\/page"}],"author":[{"embeddable":true,"href":"https:\/\/www.olafboehme.art\/index.php?rest_route=\/wp\/v2\/users\/1"}],"replies":[{"embeddable":true,"href":"https:\/\/www.olafboehme.art\/index.php?rest_route=%2Fwp%2Fv2%2Fcomments&post=5"}],"version-history":[{"count":37,"href":"https:\/\/www.olafboehme.art\/index.php?rest_route=\/wp\/v2\/pages\/5\/revisions"}],"predecessor-version":[{"id":2982,"href":"https:\/\/www.olafboehme.art\/index.php?rest_route=\/wp\/v2\/pages\/5\/revisions\/2982"}],"wp:attachment":[{"href":"https:\/\/www.olafboehme.art\/index.php?rest_route=%2Fwp%2Fv2%2Fmedia&parent=5"}],"curies":[{"name":"wp","href":"https:\/\/api.w.org\/{rel}","templated":true}]}}